{"id":561,"date":"2021-03-29T08:53:24","date_gmt":"2021-03-29T08:53:24","guid":{"rendered":"https:\/\/live.zentivanews.ro\/?page_id=561"},"modified":"2021-04-07T12:05:14","modified_gmt":"2021-04-07T12:05:14","slug":"cetilar","status":"publish","type":"page","link":"https:\/\/live.zentivanews.ro\/","title":{"rendered":"Cetilar"},"content":{"rendered":"\t\t<div data-elementor-type=\"wp-page\" data-elementor-id=\"561\" class=\"elementor elementor-561\">\n\t\t\t\t\t\t<section class=\"elementor-section elementor-top-section elementor-element elementor-element-3877385 elementor-section-height-full elementor-section-full_width elementor-section-height-default elementor-section-items-middle\" data-id=\"3877385\" data-element_type=\"section\" data-e-type=\"section\" data-settings=\"{&quot;background_background&quot;:&quot;classic&quot;}\">\n\t\t\t\t\t\t<div class=\"elementor-container elementor-column-gap-no\">\n\t\t\t\t\t<div class=\"elementor-column elementor-col-100 elementor-top-column elementor-element elementor-element-45bf852\" data-id=\"45bf852\" data-element_type=\"column\" data-e-type=\"column\">\n\t\t\t<div class=\"elementor-widget-wrap elementor-element-populated\">\n\t\t\t\t\t\t<section class=\"elementor-section elementor-inner-section elementor-element elementor-element-7c86298 elementor-section-boxed elementor-section-height-default elementor-section-height-default\" data-id=\"7c86298\" data-element_type=\"section\" data-e-type=\"section\">\n\t\t\t\t\t\t<div class=\"elementor-container elementor-column-gap-default\">\n\t\t\t\t\t<div class=\"elementor-column elementor-col-100 elementor-inner-column elementor-element elementor-element-633ddad\" data-id=\"633ddad\" data-element_type=\"column\" data-e-type=\"column\">\n\t\t\t<div class=\"elementor-widget-wrap elementor-element-populated\">\n\t\t\t\t\t\t<div class=\"elementor-element elementor-element-9ef6b7f elementor-widget elementor-widget-heading\" data-id=\"9ef6b7f\" data-element_type=\"widget\" data-e-type=\"widget\" data-widget_type=\"heading.default\">\n\t\t\t\t<div class=\"elementor-widget-container\">\n\t\t\t\t\t<h2 class=\"elementor-heading-title elementor-size-default\">ZENTIVA v\u0103 invit\u0103 s\u0103 ne fi\u021bi al\u0103turi la evenimentul online de lansare<\/h2>\t\t\t\t<\/div>\n\t\t\t\t<\/div>\n\t\t\t\t<div class=\"elementor-element elementor-element-28c5147 elementor-widget elementor-widget-image\" data-id=\"28c5147\" data-element_type=\"widget\" data-e-type=\"widget\" data-widget_type=\"image.default\">\n\t\t\t\t<div class=\"elementor-widget-container\">\n\t\t\t\t\t\t\t\t\t\t\t\t\t\t\t<img decoding=\"async\" width=\"300\" height=\"126\" src=\"https:\/\/live.zentivanews.ro\/wp-content\/uploads\/2021\/03\/logo-cetilar-300x126.png\" class=\"attachment-medium size-medium wp-image-580\" alt=\"\" srcset=\"https:\/\/live.zentivanews.ro\/wp-content\/uploads\/2021\/03\/logo-cetilar-300x126.png 300w, https:\/\/live.zentivanews.ro\/wp-content\/uploads\/2021\/03\/logo-cetilar-1024x431.png 1024w, https:\/\/live.zentivanews.ro\/wp-content\/uploads\/2021\/03\/logo-cetilar-768x323.png 768w, https:\/\/live.zentivanews.ro\/wp-content\/uploads\/2021\/03\/logo-cetilar-1536x646.png 1536w, https:\/\/live.zentivanews.ro\/wp-content\/uploads\/2021\/03\/logo-cetilar.png 1636w\" sizes=\"(max-width: 300px) 100vw, 300px\" \/>\t\t\t\t\t\t\t\t\t\t\t\t\t\t\t<\/div>\n\t\t\t\t<\/div>\n\t\t\t\t\t<\/div>\n\t\t<\/div>\n\t\t\t\t\t<\/div>\n\t\t<\/section>\n\t\t\t\t<div class=\"elementor-element elementor-element-f703eee elementor-align-center elementor-widget elementor-widget-button\" data-id=\"f703eee\" data-element_type=\"widget\" data-e-type=\"widget\" data-widget_type=\"button.default\">\n\t\t\t\t<div class=\"elementor-widget-container\">\n\t\t\t\t\t\t\t\t\t<div class=\"elementor-button-wrapper\">\n\t\t\t\t\t<a class=\"elementor-button elementor-button-link elementor-size-sm\" href=\"https:\/\/live.zentivanews.ro\/index.php\/webinars\/lansare-cetilar\/?wspage=register\">\n\t\t\t\t\t\t<span class=\"elementor-button-content-wrapper\">\n\t\t\t\t\t\t\t\t\t<span class=\"elementor-button-text\">Acces eveniment<\/span>\n\t\t\t\t\t<\/span>\n\t\t\t\t\t<\/a>\n\t\t\t\t<\/div>\n\t\t\t\t\t\t\t\t<\/div>\n\t\t\t\t<\/div>\n\t\t\t\t<div class=\"elementor-element elementor-element-dca9692 elementor-widget elementor-widget-heading\" data-id=\"dca9692\" data-element_type=\"widget\" data-e-type=\"widget\" data-widget_type=\"heading.default\">\n\t\t\t\t<div class=\"elementor-widget-container\">\n\t\t\t\t\t<h3 class=\"elementor-heading-title elementor-size-default\">FORMULA INOVATOARE PATENTAT\u0102<BR>PENTRU \u00ceMBUN\u0102T\u0102\u021aIREA FUNC\u021aIONALIT\u0102\u021aII MUSCULO-SCHELETALE<\/h3>\t\t\t\t<\/div>\n\t\t\t\t<\/div>\n\t\t\t\t<section class=\"elementor-section elementor-inner-section elementor-element elementor-element-af5e1ec elementor-section-boxed elementor-section-height-default elementor-section-height-default\" data-id=\"af5e1ec\" data-element_type=\"section\" data-e-type=\"section\">\n\t\t\t\t\t\t<div class=\"elementor-container elementor-column-gap-default\">\n\t\t\t\t\t<div class=\"elementor-column elementor-col-33 elementor-inner-column elementor-element elementor-element-dad60e7\" data-id=\"dad60e7\" data-element_type=\"column\" data-e-type=\"column\">\n\t\t\t<div class=\"elementor-widget-wrap\">\n\t\t\t\t\t\t\t<\/div>\n\t\t<\/div>\n\t\t\t\t<div class=\"elementor-column elementor-col-33 elementor-inner-column elementor-element elementor-element-5eee38f\" data-id=\"5eee38f\" data-element_type=\"column\" data-e-type=\"column\">\n\t\t\t<div class=\"elementor-widget-wrap elementor-element-populated\">\n\t\t\t\t\t\t<div class=\"elementor-element elementor-element-3d73fd2 elementor-widget elementor-widget-text-editor\" data-id=\"3d73fd2\" data-element_type=\"widget\" data-e-type=\"widget\" data-widget_type=\"text-editor.default\">\n\t\t\t\t<div class=\"elementor-widget-container\">\n\t\t\t\t\t\t\t\t\t<p>Lectori invita\u021bi:<\/p><p><strong>Germano Tarantino, Chief Scientific Officer &#8211; PharmaNautra Spa, Italia<\/strong><\/p><p><strong>Dr. Alarico Ariani, Reumatologie, Italia<\/strong><\/p><p><strong>Dr. Simona Szasz, \u0218ef de lucr\u0103ri, Recuperare, Medicin\u0103 Fizic\u0103 \u0219i Balneologie, Rom\u00e2nia<\/strong><\/p><p><strong>Dr. Alin Popescu, Medicin\u0103 Sportiv\u0103, Rom\u00e2nia<\/strong><\/p>\t\t\t\t\t\t\t\t<\/div>\n\t\t\t\t<\/div>\n\t\t\t\t\t<\/div>\n\t\t<\/div>\n\t\t\t\t<div class=\"elementor-column elementor-col-33 elementor-inner-column elementor-element elementor-element-484a69a\" data-id=\"484a69a\" data-element_type=\"column\" data-e-type=\"column\">\n\t\t\t<div class=\"elementor-widget-wrap\">\n\t\t\t\t\t\t\t<\/div>\n\t\t<\/div>\n\t\t\t\t\t<\/div>\n\t\t<\/section>\n\t\t\t\t<section class=\"elementor-section elementor-inner-section elementor-element elementor-element-f9c70f2 elementor-section-full_width elementor-section-height-default elementor-section-height-default\" data-id=\"f9c70f2\" data-element_type=\"section\" data-e-type=\"section\">\n\t\t\t\t\t\t<div class=\"elementor-container elementor-column-gap-no\">\n\t\t\t\t\t<div class=\"elementor-column elementor-col-50 elementor-inner-column elementor-element elementor-element-283f7cc\" data-id=\"283f7cc\" data-element_type=\"column\" data-e-type=\"column\">\n\t\t\t<div class=\"elementor-widget-wrap elementor-element-populated\">\n\t\t\t\t\t\t<div class=\"elementor-element elementor-element-725dc5f elementor-widget elementor-widget-image\" data-id=\"725dc5f\" data-element_type=\"widget\" data-e-type=\"widget\" data-widget_type=\"image.default\">\n\t\t\t\t<div class=\"elementor-widget-container\">\n\t\t\t\t\t\t\t\t\t\t\t\t\t\t\t<img fetchpriority=\"high\" decoding=\"async\" width=\"1326\" height=\"927\" src=\"https:\/\/live.zentivanews.ro\/wp-content\/uploads\/2021\/03\/run2.png\" class=\"attachment-full size-full wp-image-579\" alt=\"\" srcset=\"https:\/\/live.zentivanews.ro\/wp-content\/uploads\/2021\/03\/run2.png 1326w, https:\/\/live.zentivanews.ro\/wp-content\/uploads\/2021\/03\/run2-300x210.png 300w, https:\/\/live.zentivanews.ro\/wp-content\/uploads\/2021\/03\/run2-1024x716.png 1024w, https:\/\/live.zentivanews.ro\/wp-content\/uploads\/2021\/03\/run2-768x537.png 768w\" sizes=\"(max-width: 1326px) 100vw, 1326px\" \/>\t\t\t\t\t\t\t\t\t\t\t\t\t\t\t<\/div>\n\t\t\t\t<\/div>\n\t\t\t\t\t<\/div>\n\t\t<\/div>\n\t\t\t\t<div class=\"elementor-column elementor-col-50 elementor-inner-column elementor-element elementor-element-d5bf712\" data-id=\"d5bf712\" data-element_type=\"column\" data-e-type=\"column\">\n\t\t\t<div class=\"elementor-widget-wrap elementor-element-populated\">\n\t\t\t\t\t\t<div class=\"elementor-element elementor-element-891a01d elementor-widget elementor-widget-image\" data-id=\"891a01d\" data-element_type=\"widget\" data-e-type=\"widget\" data-widget_type=\"image.default\">\n\t\t\t\t<div class=\"elementor-widget-container\">\n\t\t\t\t\t\t\t\t\t\t\t\t\t\t\t<img decoding=\"async\" width=\"768\" height=\"319\" src=\"https:\/\/live.zentivanews.ro\/wp-content\/uploads\/2021\/03\/medicament-768x319.png\" class=\"attachment-medium_large size-medium_large wp-image-581\" alt=\"\" srcset=\"https:\/\/live.zentivanews.ro\/wp-content\/uploads\/2021\/03\/medicament-768x319.png 768w, https:\/\/live.zentivanews.ro\/wp-content\/uploads\/2021\/03\/medicament-300x125.png 300w, https:\/\/live.zentivanews.ro\/wp-content\/uploads\/2021\/03\/medicament-1024x426.png 1024w, https:\/\/live.zentivanews.ro\/wp-content\/uploads\/2021\/03\/medicament-1536x638.png 1536w, https:\/\/live.zentivanews.ro\/wp-content\/uploads\/2021\/03\/medicament.png 1636w\" sizes=\"(max-width: 768px) 100vw, 768px\" \/>\t\t\t\t\t\t\t\t\t\t\t\t\t\t\t<\/div>\n\t\t\t\t<\/div>\n\t\t\t\t\t<\/div>\n\t\t<\/div>\n\t\t\t\t\t<\/div>\n\t\t<\/section>\n\t\t\t\t\t<\/div>\n\t\t<\/div>\n\t\t\t\t\t<\/div>\n\t\t<\/section>\n\t\t\t\t<\/div>\n\t\t","protected":false},"excerpt":{"rendered":"<p>ZENTIVA v\u0103 invit\u0103 s\u0103 ne fi\u021bi al\u0103turi la evenimentul online de lansare Acces eveniment FORMULA INOVATOARE PATENTAT\u0102PENTRU \u00ceMBUN\u0102T\u0102\u021aIREA FUNC\u021aIONALIT\u0102\u021aII MUSCULO-SCHELETALE Lectori invita\u021bi: Germano Tarantino, Chief Scientific Officer &#8211; PharmaNautra Spa, Italia Dr. Alarico Ariani, Reumatologie, Italia Dr. Simona Szasz, \u0218ef de lucr\u0103ri, Recuperare, Medicin\u0103 Fizic\u0103 \u0219i Balneologie, Rom\u00e2nia Dr. Alin Popescu, Medicin\u0103 Sportiv\u0103, Rom\u00e2nia<\/p>\n","protected":false},"author":2,"featured_media":0,"parent":0,"menu_order":0,"comment_status":"closed","ping_status":"closed","template":"elementor_canvas","meta":{"footnotes":""},"class_list":["post-561","page","type-page","status-publish","hentry"],"_links":{"self":[{"href":"https:\/\/live.zentivanews.ro\/index.php\/wp-json\/wp\/v2\/pages\/561","targetHints":{"allow":["GET"]}}],"collection":[{"href":"https:\/\/live.zentivanews.ro\/index.php\/wp-json\/wp\/v2\/pages"}],"about":[{"href":"https:\/\/live.zentivanews.ro\/index.php\/wp-json\/wp\/v2\/types\/page"}],"author":[{"embeddable":true,"href":"https:\/\/live.zentivanews.ro\/index.php\/wp-json\/wp\/v2\/users\/2"}],"replies":[{"embeddable":true,"href":"https:\/\/live.zentivanews.ro\/index.php\/wp-json\/wp\/v2\/comments?post=561"}],"version-history":[{"count":81,"href":"https:\/\/live.zentivanews.ro\/index.php\/wp-json\/wp\/v2\/pages\/561\/revisions"}],"predecessor-version":[{"id":651,"href":"https:\/\/live.zentivanews.ro\/index.php\/wp-json\/wp\/v2\/pages\/561\/revisions\/651"}],"wp:attachment":[{"href":"https:\/\/live.zentivanews.ro\/index.php\/wp-json\/wp\/v2\/media?parent=561"}],"curies":[{"name":"wp","href":"https:\/\/api.w.org\/{rel}","templated":true}]}}